{"id":348,"date":"2023-08-10T15:38:15","date_gmt":"2023-08-10T15:38:15","guid":{"rendered":"https:\/\/staging.lismoiunavenir.org\/?page_id=348"},"modified":"2025-11-18T20:50:38","modified_gmt":"2025-11-18T20:50:38","slug":"nos-evenements","status":"publish","type":"page","link":"https:\/\/lismoiunavenir.org\/?page_id=348","title":{"rendered":"Nos \u00e9v\u00e8nements"},"content":{"rendered":"\t\t<div data-elementor-type=\"wp-page\" data-elementor-id=\"348\" class=\"elementor elementor-348\" data-elementor-post-type=\"page\">\n\t\t\t\t<div class=\"elementor-element elementor-element-adb91db e-flex e-con-boxed e-con e-parent\" data-id=\"adb91db\" data-element_type=\"container\" data-e-type=\"container\" data-settings=\"{&quot;background_background&quot;:&quot;classic&quot;,&quot;jet_parallax_layout_list&quot;:[]}\">\n\t\t\t\t\t<div class=\"e-con-inner\">\n\t\t\t\t<div class=\"elementor-element elementor-element-cf7b31b elementor-widget elementor-widget-heading\" data-id=\"cf7b31b\" data-element_type=\"widget\" data-e-type=\"widget\" data-widget_type=\"heading.default\">\n\t\t\t\t<div class=\"elementor-widget-container\">\n\t\t\t\t\t<h2 class=\"elementor-heading-title elementor-size-default\">Nos \u00e9v\u00e8nements<\/h2>\t\t\t\t<\/div>\n\t\t\t\t<\/div>\n\t\t\t\t\t<\/div>\n\t\t\t\t<\/div>\n\t\t<div class=\"elementor-element elementor-element-420da7f e-flex e-con-boxed e-con e-parent\" data-id=\"420da7f\" data-element_type=\"container\" data-e-type=\"container\" data-settings=\"{&quot;jet_parallax_layout_list&quot;:[]}\">\n\t\t\t\t\t<div class=\"e-con-inner\">\n\t\t\t\t<div class=\"elementor-element elementor-element-44832ba elementor-widget elementor-widget-spacer\" data-id=\"44832ba\" data-element_type=\"widget\" data-e-type=\"widget\" data-widget_type=\"spacer.default\">\n\t\t\t\t<div class=\"elementor-widget-container\">\n\t\t\t\t\t\t\t<div class=\"elementor-spacer\">\n\t\t\t<div class=\"elementor-spacer-inner\"><\/div>\n\t\t<\/div>\n\t\t\t\t\t\t<\/div>\n\t\t\t\t<\/div>\n\t\t\t\t<div class=\"elementor-element elementor-element-cb77682 elementor-widget elementor-widget-heading\" data-id=\"cb77682\" data-element_type=\"widget\" data-e-type=\"widget\" data-widget_type=\"heading.default\">\n\t\t\t\t<div class=\"elementor-widget-container\">\n\t\t\t\t\t<h2 class=\"elementor-heading-title elementor-size-default\">Des activit\u00e9s en faveur de l'\u00e9mancipation des filles et des femmes<\/h2>\t\t\t\t<\/div>\n\t\t\t\t<\/div>\n\t\t\t\t<div class=\"elementor-element elementor-element-c043e4b elementor-widget elementor-widget-text-editor\" data-id=\"c043e4b\" data-element_type=\"widget\" data-e-type=\"widget\" data-widget_type=\"text-editor.default\">\n\t\t\t\t<div class=\"elementor-widget-container\">\n\t\t\t\t\t\t\t\t\t<p>Nous avons \u00e0 coeur d&rsquo;offrir des espaces d&rsquo;expressions et d&rsquo;apprentissage \u00e0 nos b\u00e9n\u00e9ficiaires. C&rsquo;est pourquoi, nous cr\u00e9ons des \u00e9v\u00e9nements r\u00e9unissant l&rsquo;\u00e9cosyst\u00e8me et permettant l&rsquo;\u00e9mancipation de nos b\u00e9n\u00e9ficiaires.\u00a0<\/p>\t\t\t\t\t\t\t\t<\/div>\n\t\t\t\t<\/div>\n\t\t\t\t\t<\/div>\n\t\t\t\t<\/div>\n\t\t<div class=\"elementor-element elementor-element-0fa5d03 e-flex e-con-boxed e-con e-parent\" data-id=\"0fa5d03\" data-element_type=\"container\" data-e-type=\"container\" data-settings=\"{&quot;jet_parallax_layout_list&quot;:[],&quot;background_background&quot;:&quot;classic&quot;}\">\n\t\t\t\t\t<div class=\"e-con-inner\">\n\t\t<div class=\"elementor-element elementor-element-4202ed3 e-con-full e-flex e-con e-child\" data-id=\"4202ed3\" data-element_type=\"container\" data-e-type=\"container\" data-settings=\"{&quot;jet_parallax_layout_list&quot;:[]}\">\n\t\t\t\t<div class=\"elementor-element elementor-element-5386501 elementor-widget elementor-widget-spacer\" data-id=\"5386501\" data-element_type=\"widget\" data-e-type=\"widget\" data-widget_type=\"spacer.default\">\n\t\t\t\t<div class=\"elementor-widget-container\">\n\t\t\t\t\t\t\t<div class=\"elementor-spacer\">\n\t\t\t<div class=\"elementor-spacer-inner\"><\/div>\n\t\t<\/div>\n\t\t\t\t\t\t<\/div>\n\t\t\t\t<\/div>\n\t\t\t\t<div class=\"elementor-element elementor-element-f7ad75e elementor-widget elementor-widget-image\" data-id=\"f7ad75e\" data-element_type=\"widget\" data-e-type=\"widget\" data-widget_type=\"image.default\">\n\t\t\t\t<div class=\"elementor-widget-container\">\n\t\t\t\t\t\t\t\t\t\t\t\t\t\t\t<img fetchpriority=\"high\" decoding=\"async\" width=\"800\" height=\"402\" src=\"https:\/\/lismoiunavenir.org\/wp-content\/uploads\/2025\/09\/nadissa-2025-photo-13-1024x515.jpeg\" class=\"attachment-large size-large wp-image-1790\" alt=\"\" srcset=\"https:\/\/lismoiunavenir.org\/wp-content\/uploads\/2025\/09\/nadissa-2025-photo-13-1024x515.jpeg 1024w, https:\/\/lismoiunavenir.org\/wp-content\/uploads\/2025\/09\/nadissa-2025-photo-13-300x151.jpeg 300w, https:\/\/lismoiunavenir.org\/wp-content\/uploads\/2025\/09\/nadissa-2025-photo-13-768x386.jpeg 768w, https:\/\/lismoiunavenir.org\/wp-content\/uploads\/2025\/09\/nadissa-2025-photo-13-1536x772.jpeg 1536w, https:\/\/lismoiunavenir.org\/wp-content\/uploads\/2025\/09\/nadissa-2025-photo-13-600x301.jpeg 600w, https:\/\/lismoiunavenir.org\/wp-content\/uploads\/2025\/09\/nadissa-2025-photo-13.jpeg 2048w\" sizes=\"(max-width: 800px) 100vw, 800px\" \/>\t\t\t\t\t\t\t\t\t\t\t\t\t\t\t<\/div>\n\t\t\t\t<\/div>\n\t\t\t\t<div class=\"elementor-element elementor-element-34df967 elementor-align-center elementor-widget elementor-widget-button\" data-id=\"34df967\" data-element_type=\"widget\" data-e-type=\"widget\" data-widget_type=\"button.default\">\n\t\t\t\t<div class=\"elementor-widget-container\">\n\t\t\t\t\t\t\t\t\t<div class=\"elementor-button-wrapper\">\n\t\t\t\t\t<a class=\"elementor-button elementor-button-link elementor-size-sm\" href=\"https:\/\/lismoiunavenir.org\/?page_id=1896\">\n\t\t\t\t\t\t<span class=\"elementor-button-content-wrapper\">\n\t\t\t\t\t\t\t\t\t<span class=\"elementor-button-text\">Tout savoir sur NADISSA<\/span>\n\t\t\t\t\t<\/span>\n\t\t\t\t\t<\/a>\n\t\t\t\t<\/div>\n\t\t\t\t\t\t\t\t<\/div>\n\t\t\t\t<\/div>\n\t\t\t\t<\/div>\n\t\t<div class=\"elementor-element elementor-element-a900d9c e-con-full e-flex e-con e-child\" data-id=\"a900d9c\" data-element_type=\"container\" data-e-type=\"container\" data-settings=\"{&quot;jet_parallax_layout_list&quot;:[]}\">\n\t\t\t\t<div class=\"elementor-element elementor-element-dca1971 elementor-widget elementor-widget-heading\" data-id=\"dca1971\" data-element_type=\"widget\" data-e-type=\"widget\" data-widget_type=\"heading.default\">\n\t\t\t\t<div class=\"elementor-widget-container\">\n\t\t\t\t\t<h2 class=\"elementor-heading-title elementor-size-default\">NADISSA<\/h2>\t\t\t\t<\/div>\n\t\t\t\t<\/div>\n\t\t\t\t<div class=\"elementor-element elementor-element-5394f26 elementor-widget elementor-widget-text-editor\" data-id=\"5394f26\" data-element_type=\"widget\" data-e-type=\"widget\" data-widget_type=\"text-editor.default\">\n\t\t\t\t<div class=\"elementor-widget-container\">\n\t\t\t\t\t\t\t\t\t<p>La Fondation Rayess \u2013 Lis Moi un Avenir a cr\u00e9\u00e9 la Journ\u00e9e NADISSA pour marquer la Journ\u00e9e internationale de la sant\u00e9 sexuelle (4 septembre). Face aux tabous, aux violences sexistes et aux in\u00e9galit\u00e9s d\u2019acc\u00e8s aux soins, cette initiative vise \u00e0 offrir un espace s\u00fbr et inclusif o\u00f9 la parole circule, les savoirs se partagent et les services essentiels deviennent accessibles.<\/p><p>Con\u00e7ue comme un temps fort de sensibilisation, de r\u00e9flexion et d\u2019action, NADISSA met l\u2019accent sur l\u2019autonomisation des jeunes filles et femmes, tout en impliquant les hommes \u00e0 travers la masculinit\u00e9 positive. Cette journ\u00e9e est co-construite avec des associations soeurs et expert\u00b7e\u00b7s de divers horizons. L\u2019objectif : promouvoir la sant\u00e9 sexuelle, la dignit\u00e9 et l\u2019autonomie corporelle comme des droits fondamentaux pour toutes et tous.<\/p>\t\t\t\t\t\t\t\t<\/div>\n\t\t\t\t<\/div>\n\t\t\t\t<\/div>\n\t\t\t\t\t<\/div>\n\t\t\t\t<\/div>\n\t\t<div class=\"elementor-element elementor-element-38ca106 e-flex e-con-boxed e-con e-parent\" data-id=\"38ca106\" data-element_type=\"container\" data-e-type=\"container\" data-settings=\"{&quot;jet_parallax_layout_list&quot;:[]}\">\n\t\t\t\t\t<div class=\"e-con-inner\">\n\t\t<div class=\"elementor-element elementor-element-5521043 e-con-full e-flex e-con e-child\" data-id=\"5521043\" data-element_type=\"container\" data-e-type=\"container\" data-settings=\"{&quot;jet_parallax_layout_list&quot;:[]}\">\n\t\t\t\t<div class=\"elementor-element elementor-element-0e38dc5 elementor-widget elementor-widget-heading\" data-id=\"0e38dc5\" data-element_type=\"widget\" data-e-type=\"widget\" data-widget_type=\"heading.default\">\n\t\t\t\t<div class=\"elementor-widget-container\">\n\t\t\t\t\t<h2 class=\"elementor-heading-title elementor-size-default\">La masculinit\u00e9 positive : un levier pour l\u2019\u00e9galit\u00e9 et la coh\u00e9sion<\/h2>\t\t\t\t<\/div>\n\t\t\t\t<\/div>\n\t\t\t\t<div class=\"elementor-element elementor-element-3dc2bbc elementor-widget elementor-widget-text-editor\" data-id=\"3dc2bbc\" data-element_type=\"widget\" data-e-type=\"widget\" data-widget_type=\"text-editor.default\">\n\t\t\t\t<div class=\"elementor-widget-container\">\n\t\t\t\t\t\t\t\t\t<p data-pm-slice=\"1 1 []\">Consciente que l\u2019autonomisation des femmes et des filles ne peut se faire sans l\u2019implication des hommes, la Fondation propose des espaces de dialogue, de sensibilisation et de formation destin\u00e9s aux p\u00e8res, fr\u00e8res, conjoints et leaders communautaires.<\/p><p>Ainsi, la Fondation Rayess \u2013 Lis Moi un Avenir, en partenariat avec des associations sp\u00e9cialis\u00e9es sur le sujet, d\u00e9ploie des activit\u00e9s de masculinit\u00e9 positive pour impliquer les hommes dans la promotion de l\u2019\u00e9galit\u00e9 et la lutte contre les violences bas\u00e9es sur le genre. Ces espaces de dialogue et de sensibilisation visent \u00e0 encourager des comportements respectueux et responsables, afin de b\u00e2tir des communaut\u00e9s \u00e9quilibr\u00e9es o\u00f9 femmes et hommes avancent ensemble, en alli\u00e9s.<\/p>\t\t\t\t\t\t\t\t<\/div>\n\t\t\t\t<\/div>\n\t\t\t\t<\/div>\n\t\t<div class=\"elementor-element elementor-element-2264209 e-con-full e-flex e-con e-child\" data-id=\"2264209\" data-element_type=\"container\" data-e-type=\"container\" data-settings=\"{&quot;jet_parallax_layout_list&quot;:[]}\">\n\t\t\t\t<div class=\"elementor-element elementor-element-c747b00 elementor-widget elementor-widget-spacer\" data-id=\"c747b00\" data-element_type=\"widget\" data-e-type=\"widget\" data-widget_type=\"spacer.default\">\n\t\t\t\t<div class=\"elementor-widget-container\">\n\t\t\t\t\t\t\t<div class=\"elementor-spacer\">\n\t\t\t<div class=\"elementor-spacer-inner\"><\/div>\n\t\t<\/div>\n\t\t\t\t\t\t<\/div>\n\t\t\t\t<\/div>\n\t\t\t\t<div class=\"elementor-element elementor-element-7fcbcac elementor-widget elementor-widget-image\" data-id=\"7fcbcac\" data-element_type=\"widget\" data-e-type=\"widget\" data-widget_type=\"image.default\">\n\t\t\t\t<div class=\"elementor-widget-container\">\n\t\t\t\t\t\t\t\t\t\t\t\t\t\t\t<img decoding=\"async\" width=\"800\" height=\"438\" src=\"https:\/\/lismoiunavenir.org\/wp-content\/uploads\/2025\/09\/WhatsApp-Image-2025-09-20-at-16.58.39-1024x560.jpeg\" class=\"attachment-large size-large wp-image-1891\" alt=\"\" srcset=\"https:\/\/lismoiunavenir.org\/wp-content\/uploads\/2025\/09\/WhatsApp-Image-2025-09-20-at-16.58.39-1024x560.jpeg 1024w, https:\/\/lismoiunavenir.org\/wp-content\/uploads\/2025\/09\/WhatsApp-Image-2025-09-20-at-16.58.39-300x164.jpeg 300w, https:\/\/lismoiunavenir.org\/wp-content\/uploads\/2025\/09\/WhatsApp-Image-2025-09-20-at-16.58.39-768x420.jpeg 768w, https:\/\/lismoiunavenir.org\/wp-content\/uploads\/2025\/09\/WhatsApp-Image-2025-09-20-at-16.58.39-600x328.jpeg 600w, https:\/\/lismoiunavenir.org\/wp-content\/uploads\/2025\/09\/WhatsApp-Image-2025-09-20-at-16.58.39.jpeg 1080w\" sizes=\"(max-width: 800px) 100vw, 800px\" \/>\t\t\t\t\t\t\t\t\t\t\t\t\t\t\t<\/div>\n\t\t\t\t<\/div>\n\t\t\t\t<div class=\"elementor-element elementor-element-7fbc9ff elementor-align-center elementor-widget elementor-widget-button\" data-id=\"7fbc9ff\" data-element_type=\"widget\" data-e-type=\"widget\" data-widget_type=\"button.default\">\n\t\t\t\t<div class=\"elementor-widget-container\">\n\t\t\t\t\t\t\t\t\t<div class=\"elementor-button-wrapper\">\n\t\t\t\t\t<a class=\"elementor-button elementor-button-link elementor-size-sm\" href=\"https:\/\/lismoiunavenir.org\/?page_id=1900\">\n\t\t\t\t\t\t<span class=\"elementor-button-content-wrapper\">\n\t\t\t\t\t\t\t\t\t<span class=\"elementor-button-text\">Tout savoir sur les activi\u00e9s de  Masculinit\u00e9 Positive<\/span>\n\t\t\t\t\t<\/span>\n\t\t\t\t\t<\/a>\n\t\t\t\t<\/div>\n\t\t\t\t\t\t\t\t<\/div>\n\t\t\t\t<\/div>\n\t\t\t\t<\/div>\n\t\t\t\t\t<\/div>\n\t\t\t\t<\/div>\n\t\t<div class=\"elementor-element elementor-element-c36d8af e-flex e-con-boxed e-con e-parent\" data-id=\"c36d8af\" data-element_type=\"container\" data-e-type=\"container\" data-settings=\"{&quot;jet_parallax_layout_list&quot;:[],&quot;background_background&quot;:&quot;classic&quot;}\">\n\t\t\t\t\t<div class=\"e-con-inner\">\n\t\t<div class=\"elementor-element elementor-element-498d71e e-con-full e-flex e-con e-child\" data-id=\"498d71e\" data-element_type=\"container\" data-e-type=\"container\" data-settings=\"{&quot;jet_parallax_layout_list&quot;:[]}\">\n\t\t\t\t<div class=\"elementor-element elementor-element-0c11db0 elementor-widget elementor-widget-spacer\" data-id=\"0c11db0\" data-element_type=\"widget\" data-e-type=\"widget\" data-widget_type=\"spacer.default\">\n\t\t\t\t<div class=\"elementor-widget-container\">\n\t\t\t\t\t\t\t<div class=\"elementor-spacer\">\n\t\t\t<div class=\"elementor-spacer-inner\"><\/div>\n\t\t<\/div>\n\t\t\t\t\t\t<\/div>\n\t\t\t\t<\/div>\n\t\t\t\t<div class=\"elementor-element elementor-element-db137d3 elementor-widget elementor-widget-image\" data-id=\"db137d3\" data-element_type=\"widget\" data-e-type=\"widget\" data-widget_type=\"image.default\">\n\t\t\t\t<div class=\"elementor-widget-container\">\n\t\t\t\t\t\t\t\t\t\t\t\t\t\t\t<img decoding=\"async\" width=\"800\" height=\"534\" src=\"https:\/\/lismoiunavenir.org\/wp-content\/uploads\/2025\/11\/IMG_4946-1024x683.jpg\" class=\"attachment-large size-large wp-image-1982\" alt=\"\" srcset=\"https:\/\/lismoiunavenir.org\/wp-content\/uploads\/2025\/11\/IMG_4946-1024x683.jpg 1024w, https:\/\/lismoiunavenir.org\/wp-content\/uploads\/2025\/11\/IMG_4946-300x200.jpg 300w, https:\/\/lismoiunavenir.org\/wp-content\/uploads\/2025\/11\/IMG_4946-768x512.jpg 768w, https:\/\/lismoiunavenir.org\/wp-content\/uploads\/2025\/11\/IMG_4946-1536x1024.jpg 1536w, https:\/\/lismoiunavenir.org\/wp-content\/uploads\/2025\/11\/IMG_4946-2048x1365.jpg 2048w, https:\/\/lismoiunavenir.org\/wp-content\/uploads\/2025\/11\/IMG_4946-600x400.jpg 600w\" sizes=\"(max-width: 800px) 100vw, 800px\" \/>\t\t\t\t\t\t\t\t\t\t\t\t\t\t\t<\/div>\n\t\t\t\t<\/div>\n\t\t\t\t<div class=\"elementor-element elementor-element-1c94d39 elementor-align-center elementor-widget elementor-widget-button\" data-id=\"1c94d39\" data-element_type=\"widget\" data-e-type=\"widget\" data-widget_type=\"button.default\">\n\t\t\t\t<div class=\"elementor-widget-container\">\n\t\t\t\t\t\t\t\t\t<div class=\"elementor-button-wrapper\">\n\t\t\t\t\t<a class=\"elementor-button elementor-button-link elementor-size-sm\" href=\"https:\/\/lismoiunavenir.org\/?page_id=2035\">\n\t\t\t\t\t\t<span class=\"elementor-button-content-wrapper\">\n\t\t\t\t\t\t\t\t\t<span class=\"elementor-button-text\">Tout savoir sur les activit\u00e9s de sant\u00e9 sexuelle et reproductive<\/span>\n\t\t\t\t\t<\/span>\n\t\t\t\t\t<\/a>\n\t\t\t\t<\/div>\n\t\t\t\t\t\t\t\t<\/div>\n\t\t\t\t<\/div>\n\t\t\t\t<\/div>\n\t\t<div class=\"elementor-element elementor-element-126667a e-con-full e-flex e-con e-child\" data-id=\"126667a\" data-element_type=\"container\" data-e-type=\"container\" data-settings=\"{&quot;jet_parallax_layout_list&quot;:[]}\">\n\t\t\t\t<div class=\"elementor-element elementor-element-9b931b2 elementor-widget elementor-widget-heading\" data-id=\"9b931b2\" data-element_type=\"widget\" data-e-type=\"widget\" data-widget_type=\"heading.default\">\n\t\t\t\t<div class=\"elementor-widget-container\">\n\t\t\t\t\t<h2 class=\"elementor-heading-title elementor-size-default\">Sant\u00e9 sexuelle et reproductive : sensibilisation et acc\u00e8s aux soins <\/h2>\t\t\t\t<\/div>\n\t\t\t\t<\/div>\n\t\t\t\t<div class=\"elementor-element elementor-element-ed974ec elementor-widget elementor-widget-text-editor\" data-id=\"ed974ec\" data-element_type=\"widget\" data-e-type=\"widget\" data-widget_type=\"text-editor.default\">\n\t\t\t\t<div class=\"elementor-widget-container\">\n\t\t\t\t\t\t\t\t\t<p>La Fondation Rayess \u2013 Lis Moi un Avenir accompagne ses b\u00e9n\u00e9ficiaires tout au long de l&rsquo;ann\u00e9e dans leur acc\u00e8s aux soins li\u00e9s notamment \u00e0 la sant\u00e9 sexuelle et reproductive.\u00a0<\/p><p>En partenariat avec des associations sp\u00e9cialis\u00e9es sur le sujet, des experts et sp\u00e9cialistes de la sant\u00e9 sexuelle et reproductive et des centres et \u00e9tablissements de sant\u00e9, la Fondation Rayess &#8211; Lis Moi un Avenir propose des activit\u00e9s de sensibilisation, des consultations m\u00e9dicales, la prise en charge de tout ou partie des soins m\u00e9dicaux et le suivi m\u00e9dical des b\u00e9n\u00e9ficiaires \u00e0 risque.\u00a0<\/p>\t\t\t\t\t\t\t\t<\/div>\n\t\t\t\t<\/div>\n\t\t\t\t<\/div>\n\t\t\t\t\t<\/div>\n\t\t\t\t<\/div>\n\t\t<div class=\"elementor-element elementor-element-6dd20ad e-flex e-con-boxed e-con e-parent\" data-id=\"6dd20ad\" data-element_type=\"container\" data-e-type=\"container\" data-settings=\"{&quot;background_background&quot;:&quot;classic&quot;,&quot;jet_parallax_layout_list&quot;:[]}\">\n\t\t\t\t\t<div class=\"e-con-inner\">\n\t\t\t\t<div class=\"elementor-element elementor-element-303b3e7 elementor-widget elementor-widget-template\" data-id=\"303b3e7\" data-element_type=\"widget\" data-e-type=\"widget\" data-widget_type=\"template.default\">\n\t\t\t\t<div class=\"elementor-widget-container\">\n\t\t\t\t\t\t\t<div class=\"elementor-template\">\n\t\t\t\t\t<div data-elementor-type=\"container\" data-elementor-id=\"378\" class=\"elementor elementor-378\" data-elementor-post-type=\"elementor_library\">\n\t\t\t\t<div class=\"elementor-element elementor-element-1c09e445 e-flex e-con-boxed e-con e-parent\" data-id=\"1c09e445\" data-element_type=\"container\" data-e-type=\"container\" data-settings=\"{&quot;background_background&quot;:&quot;classic&quot;,&quot;jet_parallax_layout_list&quot;:[]}\">\n\t\t\t\t\t<div class=\"e-con-inner\">\n\t\t\t\t<div class=\"elementor-element elementor-element-6768a4e0 elementor-widget elementor-widget-heading\" data-id=\"6768a4e0\" data-element_type=\"widget\" data-e-type=\"widget\" data-widget_type=\"heading.default\">\n\t\t\t\t<div class=\"elementor-widget-container\">\n\t\t\t\t\t<h1 class=\"elementor-heading-title elementor-size-xl\">Ensemble, passons \u00e0 l\u2019action<\/h1>\t\t\t\t<\/div>\n\t\t\t\t<\/div>\n\t\t\t\t\t<\/div>\n\t\t\t\t<\/div>\n\t\t<div class=\"elementor-element elementor-element-ba0dea7 e-con-full e-flex e-con e-parent\" data-id=\"ba0dea7\" data-element_type=\"container\" data-e-type=\"container\" data-settings=\"{&quot;background_background&quot;:&quot;classic&quot;,&quot;jet_parallax_layout_list&quot;:[]}\">\n\t\t<div class=\"elementor-element elementor-element-8fe426c e-flex e-con-boxed e-con e-child\" data-id=\"8fe426c\" data-element_type=\"container\" data-e-type=\"container\" data-settings=\"{&quot;jet_parallax_layout_list&quot;:[]}\">\n\t\t\t\t\t<div class=\"e-con-inner\">\n\t\t\t\t<div class=\"elementor-element elementor-element-d0d005c elementor-widget__width-initial elementor-view-default elementor-position-block-start elementor-mobile-position-block-start elementor-widget elementor-widget-icon-box\" data-id=\"d0d005c\" data-element_type=\"widget\" data-e-type=\"widget\" data-widget_type=\"icon-box.default\">\n\t\t\t\t<div class=\"elementor-widget-container\">\n\t\t\t\t\t\t\t<div class=\"elementor-icon-box-wrapper\">\n\n\t\t\t\t\t\t<div class=\"elementor-icon-box-icon\">\n\t\t\t\t<a href=\"https:\/\/lismoiunavenir.org\/?page_id=343\" class=\"elementor-icon\" tabindex=\"-1\" aria-label=\"NOTRE MISSION\">\n\t\t\t\t<i aria-hidden=\"true\" class=\"fas fa-wave-square\"><\/i>\t\t\t\t<\/a>\n\t\t\t<\/div>\n\t\t\t\n\t\t\t\t\t\t<div class=\"elementor-icon-box-content\">\n\n\t\t\t\t\t\t\t\t\t<h3 class=\"elementor-icon-box-title\">\n\t\t\t\t\t\t<a href=\"https:\/\/lismoiunavenir.org\/?page_id=343\" >\n\t\t\t\t\t\t\tNOTRE MISSION\t\t\t\t\t\t<\/a>\n\t\t\t\t\t<\/h3>\n\t\t\t\t\n\t\t\t\t\n\t\t\t<\/div>\n\t\t\t\n\t\t<\/div>\n\t\t\t\t\t\t<\/div>\n\t\t\t\t<\/div>\n\t\t\t\t<div class=\"elementor-element elementor-element-bae28dc elementor-widget__width-initial elementor-view-default elementor-position-block-start elementor-mobile-position-block-start elementor-widget elementor-widget-icon-box\" data-id=\"bae28dc\" data-element_type=\"widget\" data-e-type=\"widget\" data-widget_type=\"icon-box.default\">\n\t\t\t\t<div class=\"elementor-widget-container\">\n\t\t\t\t\t\t\t<div class=\"elementor-icon-box-wrapper\">\n\n\t\t\t\t\t\t<div class=\"elementor-icon-box-icon\">\n\t\t\t\t<a href=\"https:\/\/lismoiunavenir.org\/?page_id=344\" class=\"elementor-icon\" tabindex=\"-1\" aria-label=\"NOS PROGRAMMES\">\n\t\t\t\t<i aria-hidden=\"true\" class=\"fas fa-rocket\"><\/i>\t\t\t\t<\/a>\n\t\t\t<\/div>\n\t\t\t\n\t\t\t\t\t\t<div class=\"elementor-icon-box-content\">\n\n\t\t\t\t\t\t\t\t\t<h3 class=\"elementor-icon-box-title\">\n\t\t\t\t\t\t<a href=\"https:\/\/lismoiunavenir.org\/?page_id=344\" >\n\t\t\t\t\t\t\tNOS PROGRAMMES\t\t\t\t\t\t<\/a>\n\t\t\t\t\t<\/h3>\n\t\t\t\t\n\t\t\t\t\n\t\t\t<\/div>\n\t\t\t\n\t\t<\/div>\n\t\t\t\t\t\t<\/div>\n\t\t\t\t<\/div>\n\t\t\t\t<div class=\"elementor-element elementor-element-88e1f3c elementor-widget__width-initial elementor-view-default elementor-position-block-start elementor-mobile-position-block-start elementor-widget elementor-widget-icon-box\" data-id=\"88e1f3c\" data-element_type=\"widget\" data-e-type=\"widget\" data-widget_type=\"icon-box.default\">\n\t\t\t\t<div class=\"elementor-widget-container\">\n\t\t\t\t\t\t\t<div class=\"elementor-icon-box-wrapper\">\n\n\t\t\t\t\t\t<div class=\"elementor-icon-box-icon\">\n\t\t\t\t<a href=\"https:\/\/lismoiunavenir.org\/?page_id=345\" class=\"elementor-icon\" tabindex=\"-1\" aria-label=\"NOS ATELIERS\">\n\t\t\t\t<i aria-hidden=\"true\" class=\"fas fa-paint-brush\"><\/i>\t\t\t\t<\/a>\n\t\t\t<\/div>\n\t\t\t\n\t\t\t\t\t\t<div class=\"elementor-icon-box-content\">\n\n\t\t\t\t\t\t\t\t\t<h3 class=\"elementor-icon-box-title\">\n\t\t\t\t\t\t<a href=\"https:\/\/lismoiunavenir.org\/?page_id=345\" >\n\t\t\t\t\t\t\tNOS ATELIERS\t\t\t\t\t\t<\/a>\n\t\t\t\t\t<\/h3>\n\t\t\t\t\n\t\t\t\t\n\t\t\t<\/div>\n\t\t\t\n\t\t<\/div>\n\t\t\t\t\t\t<\/div>\n\t\t\t\t<\/div>\n\t\t\t\t<div class=\"elementor-element elementor-element-e6d15da elementor-widget__width-initial elementor-view-default elementor-position-block-start elementor-mobile-position-block-start elementor-widget elementor-widget-icon-box\" data-id=\"e6d15da\" data-element_type=\"widget\" data-e-type=\"widget\" data-widget_type=\"icon-box.default\">\n\t\t\t\t<div class=\"elementor-widget-container\">\n\t\t\t\t\t\t\t<div class=\"elementor-icon-box-wrapper\">\n\n\t\t\t\t\t\t<div class=\"elementor-icon-box-icon\">\n\t\t\t\t<a href=\"https:\/\/lismoiunavenir.org\/?page_id=346\" class=\"elementor-icon\" tabindex=\"-1\" aria-label=\"NOS CLASSES\">\n\t\t\t\t<i aria-hidden=\"true\" class=\"fas fa-book-open\"><\/i>\t\t\t\t<\/a>\n\t\t\t<\/div>\n\t\t\t\n\t\t\t\t\t\t<div class=\"elementor-icon-box-content\">\n\n\t\t\t\t\t\t\t\t\t<h3 class=\"elementor-icon-box-title\">\n\t\t\t\t\t\t<a href=\"https:\/\/lismoiunavenir.org\/?page_id=346\" >\n\t\t\t\t\t\t\tNOS CLASSES\t\t\t\t\t\t<\/a>\n\t\t\t\t\t<\/h3>\n\t\t\t\t\n\t\t\t\t\n\t\t\t<\/div>\n\t\t\t\n\t\t<\/div>\n\t\t\t\t\t\t<\/div>\n\t\t\t\t<\/div>\n\t\t\t\t<div class=\"elementor-element elementor-element-96c9d5f elementor-widget__width-initial elementor-view-default elementor-position-block-start elementor-mobile-position-block-start elementor-widget elementor-widget-icon-box\" data-id=\"96c9d5f\" data-element_type=\"widget\" data-e-type=\"widget\" data-widget_type=\"icon-box.default\">\n\t\t\t\t<div class=\"elementor-widget-container\">\n\t\t\t\t\t\t\t<div class=\"elementor-icon-box-wrapper\">\n\n\t\t\t\t\t\t<div class=\"elementor-icon-box-icon\">\n\t\t\t\t<a href=\"https:\/\/lismoiunavenir.org\/?page_id=348\" class=\"elementor-icon\" tabindex=\"-1\" aria-label=\"NOS \u00c9V\u00c9NEMENTS\">\n\t\t\t\t<i aria-hidden=\"true\" class=\"far fa-calendar-check\"><\/i>\t\t\t\t<\/a>\n\t\t\t<\/div>\n\t\t\t\n\t\t\t\t\t\t<div class=\"elementor-icon-box-content\">\n\n\t\t\t\t\t\t\t\t\t<h3 class=\"elementor-icon-box-title\">\n\t\t\t\t\t\t<a href=\"https:\/\/lismoiunavenir.org\/?page_id=348\" >\n\t\t\t\t\t\t\tNOS \u00c9V\u00c9NEMENTS\t\t\t\t\t\t<\/a>\n\t\t\t\t\t<\/h3>\n\t\t\t\t\n\t\t\t\t\n\t\t\t<\/div>\n\t\t\t\n\t\t<\/div>\n\t\t\t\t\t\t<\/div>\n\t\t\t\t<\/div>\n\t\t\t\t\t<\/div>\n\t\t\t\t<\/div>\n\t\t\t\t<\/div>\n\t\t\t\t<\/div>\n\t\t\t\t<\/div>\n\t\t\t\t\t\t<\/div>\n\t\t\t\t<\/div>\n\t\t\t\t\t<\/div>\n\t\t\t\t<\/div>\n\t\t\t\t<\/div>\n\t\t","protected":false},"excerpt":{"rendered":"<p>Des activit\u00e9s en faveur de l&rsquo;\u00e9mancipation des filles et des femmes Nous avons \u00e0 coeur d&rsquo;offrir des espaces d&rsquo;expressions et d&rsquo;apprentissage \u00e0 nos b\u00e9n\u00e9ficiaires. C&rsquo;est pourquoi, nous cr\u00e9ons des \u00e9v\u00e9nements r\u00e9unissant l&rsquo;\u00e9cosyst\u00e8me et permettant l&rsquo;\u00e9mancipation de nos b\u00e9n\u00e9ficiaires.\u00a0 Tout savoir sur NADISSA NADISSA La Fondation Rayess \u2013 Lis Moi un Avenir a cr\u00e9\u00e9 la Journ\u00e9e [&hellip;]<\/p>\n","protected":false},"author":1,"featured_media":0,"parent":51,"menu_order":20,"comment_status":"closed","ping_status":"closed","template":"","meta":{"footnotes":""},"class_list":["post-348","page","type-page","status-publish","hentry"],"_links":{"self":[{"href":"https:\/\/lismoiunavenir.org\/index.php?rest_route=\/wp\/v2\/pages\/348","targetHints":{"allow":["GET"]}}],"collection":[{"href":"https:\/\/lismoiunavenir.org\/index.php?rest_route=\/wp\/v2\/pages"}],"about":[{"href":"https:\/\/lismoiunavenir.org\/index.php?rest_route=\/wp\/v2\/types\/page"}],"author":[{"embeddable":true,"href":"https:\/\/lismoiunavenir.org\/index.php?rest_route=\/wp\/v2\/users\/1"}],"replies":[{"embeddable":true,"href":"https:\/\/lismoiunavenir.org\/index.php?rest_route=%2Fwp%2Fv2%2Fcomments&post=348"}],"version-history":[{"count":33,"href":"https:\/\/lismoiunavenir.org\/index.php?rest_route=\/wp\/v2\/pages\/348\/revisions"}],"predecessor-version":[{"id":2049,"href":"https:\/\/lismoiunavenir.org\/index.php?rest_route=\/wp\/v2\/pages\/348\/revisions\/2049"}],"up":[{"embeddable":true,"href":"https:\/\/lismoiunavenir.org\/index.php?rest_route=\/wp\/v2\/pages\/51"}],"wp:attachment":[{"href":"https:\/\/lismoiunavenir.org\/index.php?rest_route=%2Fwp%2Fv2%2Fmedia&parent=348"}],"curies":[{"name":"wp","href":"https:\/\/api.w.org\/{rel}","templated":true}]}}